{"id":2287,"date":"2024-07-06T22:55:15","date_gmt":"2024-07-07T03:55:15","guid":{"rendered":"https:\/\/genesiscargous.com\/?page_id=2287"},"modified":"2024-07-07T00:11:24","modified_gmt":"2024-07-07T05:11:24","slug":"carga-aerea","status":"publish","type":"page","link":"https:\/\/genesiscargous.com\/?page_id=2287","title":{"rendered":"Carga-Aerea"},"content":{"rendered":"<div class=\"wpb-content-wrapper\"><p>[vc_row row_fullwidth=&#8221;1&#8243; row_zero_column_space=&#8221;1&#8243; bg_parallax=&#8221;off&#8221; font_color=&#8221;#ffffff&#8221; css=&#8221;.vc_custom_1414883266102{margin-top: 0px !important;margin-right: 0px !important;margin-bottom: 0px !important;margin-left: 0px !important;padding-top: 0px !important;padding-right: 0px !important;padding-bottom: 0px !important;padding-left: 0px !important;background-color: #020202 !important;}&#8221;][vc_column]<div class=\"ozy-owlcarousel single  \" data-autoplay=\"8000\" data-items=\"1\" data-singleitem=\"true\" data-slidespeed=\"400\" data-paginationSpeed=\"800\" data-autoheight=\"false\">\n<div class=\"item owl-item-7854\" style=\"width:1079px;height:720px\"><img decoding=\"async\" src=\"https:\/\/i0.wp.com\/genesiscargous.com\/wp-content\/uploads\/2024\/07\/air-freight.jpeg?fit=1079%2C720&#038;ssl=1\" alt=\"full\"\/><div class=\"caption\"><h1>ENVIO DE CARGA AEREA<\/h1><\/div><\/div><div class=\"item owl-item-9824\" style=\"width:788px;height:566px\"><img decoding=\"async\" src=\"https:\/\/i0.wp.com\/genesiscargous.com\/wp-content\/uploads\/2024\/07\/air-freight.jpg?fit=788%2C566&#038;ssl=1\" alt=\"full\"\/><div class=\"caption\"><h1>ENVIO DE CARGA AEREA<\/h1><\/div><\/div><div class=\"item owl-item-7711\" style=\"width:612px;height:398px\"><img decoding=\"async\" src=\"https:\/\/i0.wp.com\/genesiscargous.com\/wp-content\/uploads\/2024\/07\/istockphoto-618975262-612x612-1.jpg?fit=612%2C398&#038;ssl=1\" alt=\"full\"\/><div class=\"caption\"><h1>ENVIO DE CARGA AEREA<\/h1><\/div><\/div>\n<\/div>[\/vc_column][\/vc_row][vc_row css=&#8221;.vc_custom_1720323025338{border-top-width: 80px !important;border-left-width: 30% !important;}&#8221;][vc_column][vc_custom_heading text=&#8221;ENVIO CARGA AEREA&#8221; font_container=&#8221;tag:h2|font_size:32|text_align:center|color:%230563b1&#8243; css=&#8221;&#8221;][vc_row_inner][vc_column_inner][vc_column_text css=&#8221;&#8221;]<\/p>\n<h5>Ofrecemos soluciones de carga a\u00e9rea r\u00e1pidas, seguras y personalizadas para satisfacer las necesidades espec\u00edficas de su negocio. Nuestro servicio incluye:<\/h5>\n<p>[\/vc_column_text][\/vc_column_inner][\/vc_row_inner][\/vc_column][\/vc_row][vc_row bg_parallax=&#8221;off&#8221; css=&#8221;.vc_custom_1414861089030{margin-top: 0px !important;margin-bottom: 0px !important;padding-top: 70px !important;padding-bottom: 70px !important;}&#8221;][vc_column width=&#8221;1\/2&#8243;]<div id=\"tile-with-icon_icon4113\" class=\"title-with-icon-wrapper clear xxlarge \" data-color=\"\"><div class=\"wpb_content_element title-with-icon clearfix margin-bottom-0 top-style\"><span  style=\"color:#34ccff !important;background-color: !important;\" class=\"oic-flaticon1-airplane68 clear xxlarge \" ><\/span><h4 style=\"color:#828282\">Programaci\u00f3n de vuelos<\/h4><\/div><div class=\"wpb_content_element top-cs title-with-icon-content xxlarge clearfix\" style=\"color:#828282\">Coordinamos con aerol\u00edneas para garantizar horarios \u00f3ptimos.<\/div><\/div>[vc_separator]<div id=\"tile-with-icon_icon6617\" class=\"title-with-icon-wrapper clear xxlarge \" data-color=\"\"><div class=\"wpb_content_element title-with-icon clearfix margin-bottom-0 top-style\"><span  style=\"color:#34ccff !important;background-color: !important;\" class=\"oic-files clear xxlarge \" ><\/span><h4 style=\"color:#828282\">Manejo de documentaci\u00f3n<\/h4><\/div><div class=\"wpb_content_element top-cs title-with-icon-content xxlarge clearfix\" style=\"color:#828282\">Nos encargamos de toda la documentaci\u00f3n necesaria para el transporte a\u00e9reo.<\/div><\/div>[\/vc_column][vc_column width=&#8221;1\/2&#8243;]<div id=\"tile-with-icon_icon2235\" class=\"title-with-icon-wrapper clear xxlarge \" data-color=\"\"><div class=\"wpb_content_element title-with-icon clearfix margin-bottom-0 top-style\"><span  style=\"color:#34ccff !important;background-color: !important;\" class=\"oic-map-1 clear xxlarge \" ><\/span><h4 style=\"color:#828282\">Seguimiento en Tiempo Real<\/h4><\/div><div class=\"wpb_content_element top-cs title-with-icon-content xxlarge clearfix\" style=\"color:#828282\">Proveemos actualizaciones constantes sobre el estado de su carga.<\/div><\/div>[vc_separator]<div id=\"tile-with-icon_icon264\" class=\"title-with-icon-wrapper clear xxlarge \" data-color=\"\"><div class=\"wpb_content_element title-with-icon clearfix margin-bottom-0 top-style\"><span  style=\"color:#34ccff !important;background-color: !important;\" class=\"oic-cc-nc clear xxlarge \" ><\/span><h4 style=\"color:#828282\">Optimizaci\u00f3n de costos<\/h4><\/div><div class=\"wpb_content_element top-cs title-with-icon-content xxlarge clearfix\" style=\"color:#828282\">Asesoramos sobre las mejores opciones para maximizar la eficiencia y reducir costos.<\/div><\/div>[\/vc_column][\/vc_row][vc_row][vc_column][vc_custom_heading text=&#8221;BENEFICIOS&#8221; font_container=&#8221;tag:h2|font_size:32|text_align:center|color:%230563b1&#8243; css=&#8221;&#8221;][\/vc_column][\/vc_row][vc_row bg_parallax=&#8221;off&#8221; css=&#8221;.vc_custom_1461016624712{margin-top: 0px !important;margin-bottom: 0px !important;padding-top: 40px !important;padding-bottom: 40px !important;}&#8221;][vc_column width=&#8221;1\/3&#8243; css=&#8221;.vc_custom_1720328392265{border-left-width: 30% !important;}&#8221;][vc_single_image image=&#8221;2315&#8243; img_size=&#8221;medium&#8221; alignment=&#8221;right&#8221; css=&#8221;&#8221; img_animated=&#8221;yes&#8221; img_animation=&#8221;fadeIn&#8221;][\/vc_column][vc_column width=&#8221;2\/3&#8243;][vc_column_text css=&#8221;.vc_custom_1720328834821{padding-right: 18% !important;padding-left: 18% !important;}&#8221;]<\/p>\n<ul>\n<li>\n<h4>Rapidez y eficiencia: Transporte r\u00e1pido para env\u00edos urgentes.<\/h4>\n<\/li>\n<li>\n<h4>Cobertura global: Red de vuelos que abarca todos los continentes.<\/h4>\n<\/li>\n<li>\n<h4>Seguridad: Protocolos estrictos para asegurar la integridad de su carga.<\/h4>\n<\/li>\n<li>\n<h4>Flexibilidad: Soluciones adaptadas a las necesidades espec\u00edficas de su empresa.<\/h4>\n<\/li>\n<\/ul>\n<p>[\/vc_column_text][\/vc_column][\/vc_row]<\/p>\n<\/div>","protected":false},"excerpt":{"rendered":"<p>[vc_row row_fullwidth=&#8221;1&#8243; row_zero_column_space=&#8221;1&#8243; bg_parallax=&#8221;off&#8221; font_color=&#8221;#ffffff&#8221; css=&#8221;.vc_custom_1414883266102{margin-top: 0px !important;margin-right: 0px !important;margin-bottom: 0px !important;margin-left: 0px !important;padding-top: 0px !important;padding-right: 0px !important;padding-bottom: 0px !important;padding-left: 0px !important;background-color: #020202 !important;}&#8221;][vc_column][\/vc_column][\/vc_row][vc_row css=&#8221;.vc_custom_1720323025338{border-top-width: 80px !important;border-left-width: 30% !important;}&#8221;][vc_column][vc_custom_heading text=&#8221;ENVIO [&hellip;]<\/p>\n","protected":false},"author":2,"featured_media":0,"parent":47,"menu_order":0,"comment_status":"open","ping_status":"open","template":"","meta":{"om_disable_all_campaigns":false,"_exactmetrics_skip_tracking":false,"_exactmetrics_sitenote_active":false,"_exactmetrics_sitenote_note":"","_exactmetrics_sitenote_category":0,"_uf_show_specific_survey":0,"_uf_disable_surveys":false,"footnotes":""},"aioseo_notices":[],"jetpack_sharing_enabled":true,"_links":{"self":[{"href":"https:\/\/genesiscargous.com\/index.php?rest_route=\/wp\/v2\/pages\/2287"}],"collection":[{"href":"https:\/\/genesiscargous.com\/index.php?rest_route=\/wp\/v2\/pages"}],"about":[{"href":"https:\/\/genesiscargous.com\/index.php?rest_route=\/wp\/v2\/types\/page"}],"author":[{"embeddable":true,"href":"https:\/\/genesiscargous.com\/index.php?rest_route=\/wp\/v2\/users\/2"}],"replies":[{"embeddable":true,"href":"https:\/\/genesiscargous.com\/index.php?rest_route=%2Fwp%2Fv2%2Fcomments&post=2287"}],"version-history":[{"count":30,"href":"https:\/\/genesiscargous.com\/index.php?rest_route=\/wp\/v2\/pages\/2287\/revisions"}],"predecessor-version":[{"id":2323,"href":"https:\/\/genesiscargous.com\/index.php?rest_route=\/wp\/v2\/pages\/2287\/revisions\/2323"}],"up":[{"embeddable":true,"href":"https:\/\/genesiscargous.com\/index.php?rest_route=\/wp\/v2\/pages\/47"}],"wp:attachment":[{"href":"https:\/\/genesiscargous.com\/index.php?rest_route=%2Fwp%2Fv2%2Fmedia&parent=2287"}],"curies":[{"name":"wp","href":"https:\/\/api.w.org\/{rel}","templated":true}]}}