{"id":2332,"date":"2024-07-10T23:42:20","date_gmt":"2024-07-11T04:42:20","guid":{"rendered":"https:\/\/genesiscargous.com\/?page_id=2332"},"modified":"2024-07-10T23:43:40","modified_gmt":"2024-07-11T04:43:40","slug":"carga-consolidada","status":"publish","type":"page","link":"https:\/\/genesiscargous.com\/?page_id=2332","title":{"rendered":"Carga-Consolidada"},"content":{"rendered":"<div class=\"wpb-content-wrapper\"><p>[vc_row row_fullwidth=&#8221;1&#8243; row_zero_column_space=&#8221;1&#8243; bg_parallax=&#8221;off&#8221; font_color=&#8221;#ffffff&#8221; css=&#8221;.vc_custom_1414883266102{margin-top: 0px !important;margin-right: 0px !important;margin-bottom: 0px !important;margin-left: 0px !important;padding-top: 0px !important;padding-right: 0px !important;padding-bottom: 0px !important;padding-left: 0px !important;background-color: #020202 !important;}&#8221;][vc_column]<div class=\"ozy-owlcarousel single  \" data-autoplay=\"8000\" data-items=\"1\" data-singleitem=\"true\" data-slidespeed=\"400\" data-paginationSpeed=\"800\" data-autoheight=\"false\">\n<div class=\"item owl-item-4509\" style=\"width:880px;height:600px\"><img decoding=\"async\" src=\"https:\/\/i0.wp.com\/genesiscargous.com\/wp-content\/uploads\/2024\/07\/carga-consolidada-880x600-1.jpg?fit=880%2C600&#038;ssl=1\" alt=\"full\"\/><div class=\"caption\"><h1>ENVIO CARGA CONSOLIDADA<\/h1><\/div><\/div><div class=\"item owl-item-2328\" style=\"width:1024px;height:594px\"><img decoding=\"async\" src=\"https:\/\/i0.wp.com\/genesiscargous.com\/wp-content\/uploads\/2024\/07\/consolidacion-carga-camion.1.2.webp?fit=1024%2C594&#038;ssl=1\" alt=\"full\"\/><div class=\"caption\"><h1>ENVIO CARGA CONSOLIDADA<\/h1><\/div><\/div><div class=\"item owl-item-4414\" style=\"width:800px;height:500px\"><img decoding=\"async\" src=\"https:\/\/i0.wp.com\/genesiscargous.com\/wp-content\/uploads\/2024\/07\/35b6a984-3f11-445e-9773-e94eb456c540.webp?fit=800%2C500&#038;ssl=1\" alt=\"full\"\/><div class=\"caption\"><h1>ENVIO CARGA CONSOLIDADA<\/h1><\/div><\/div>\n<\/div>[\/vc_column][\/vc_row][vc_row css=&#8221;.vc_custom_1720323025338{border-top-width: 80px !important;border-left-width: 30% !important;}&#8221;][vc_column][vc_custom_heading text=&#8221;ENVIO CARGA CONSOLIDADA&#8221; font_container=&#8221;tag:h2|font_size:32|text_align:center|color:%230563b1&#8243; css=&#8221;&#8221;][vc_row_inner][vc_column_inner][vc_column_text css=&#8221;&#8221;]<\/p>\n<h5>Nuestros servicios de env\u00edos consolidados permiten agrupar mercanc\u00edas de diferentes clientes en un solo env\u00edo, optimizando costos y tiempos de entrega. Nuestro servicio incluye:<\/h5>\n<p>[\/vc_column_text][\/vc_column_inner][\/vc_row_inner][\/vc_column][\/vc_row][vc_row bg_parallax=&#8221;off&#8221; css=&#8221;.vc_custom_1414861089030{margin-top: 0px !important;margin-bottom: 0px !important;padding-top: 70px !important;padding-bottom: 70px !important;}&#8221;][vc_column width=&#8221;1\/2&#8243;]<div id=\"tile-with-icon_icon4137\" class=\"title-with-icon-wrapper clear xxlarge \" data-color=\"\"><div class=\"wpb_content_element title-with-icon clearfix margin-bottom-0 top-style\"><span  style=\"color:#34ccff !important;background-color: !important;\" class=\"oic-flaticon1-boxes1 clear xxlarge \" ><\/span><h4 style=\"color:#828282\">Consolidacion de Carga<\/h4><\/div><div class=\"wpb_content_element top-cs title-with-icon-content xxlarge clearfix\" style=\"color:#828282\">Agrupamos cargas de diferentes clientes en un solo contenedor.<\/div><\/div>[vc_separator]<div id=\"tile-with-icon_icon2225\" class=\"title-with-icon-wrapper clear xxlarge \" data-color=\"\"><div class=\"wpb_content_element title-with-icon clearfix margin-bottom-0 top-style\"><span  style=\"color:#34ccff !important;background-color: !important;\" class=\"oic-map-1 clear xxlarge \" ><\/span><h4 style=\"color:#828282\">Seguimiento detallado<\/h4><\/div><div class=\"wpb_content_element top-cs title-with-icon-content xxlarge clearfix\" style=\"color:#828282\">Proveemos informaci\u00f3n precisa y actualizada sobre el estado de su carga.<\/div><\/div>[\/vc_column][vc_column width=&#8221;1\/2&#8243;]<div id=\"tile-with-icon_icon8407\" class=\"title-with-icon-wrapper clear xxlarge \" data-color=\"\"><div class=\"wpb_content_element title-with-icon clearfix margin-bottom-0 top-style\"><span  style=\"color:#34ccff !important;background-color: !important;\" class=\"oic-pe-icon-7-stroke-20 clear xxlarge \" ><\/span><h4 style=\"color:#828282\">Optimizaci\u00f3n de rutas<\/h4><\/div><div class=\"wpb_content_element top-cs title-with-icon-content xxlarge clearfix\" style=\"color:#828282\">Seleccionamos las rutas m\u00e1s eficientes y econ\u00f3micas.<\/div><\/div>[vc_separator]<div id=\"tile-with-icon_icon7093\" class=\"title-with-icon-wrapper clear xxlarge \" data-color=\"\"><div class=\"wpb_content_element title-with-icon clearfix margin-bottom-0 top-style\"><span  style=\"color:#34ccff !important;background-color: !important;\" class=\"oic-docs clear xxlarge \" ><\/span><h4 style=\"color:#828282\">Manejo de documentaci\u00f3n<\/h4><\/div><div class=\"wpb_content_element top-cs title-with-icon-content xxlarge clearfix\" style=\"color:#828282\">Nos encargamos de todos los tr\u00e1mites necesarios.<\/div><\/div>[\/vc_column][\/vc_row][vc_row][vc_column][vc_custom_heading text=&#8221;BENEFICIOS&#8221; font_container=&#8221;tag:h2|font_size:32|text_align:center|color:%230563b1&#8243; css=&#8221;&#8221;][\/vc_column][\/vc_row][vc_row bg_parallax=&#8221;off&#8221; css=&#8221;.vc_custom_1461016624712{margin-top: 0px !important;margin-bottom: 0px !important;padding-top: 40px !important;padding-bottom: 40px !important;}&#8221;][vc_column width=&#8221;1\/3&#8243; css=&#8221;.vc_custom_1720328392265{border-left-width: 30% !important;}&#8221;][vc_single_image image=&#8221;2315&#8243; img_size=&#8221;medium&#8221; alignment=&#8221;right&#8221; css=&#8221;&#8221; img_animated=&#8221;yes&#8221; img_animation=&#8221;fadeIn&#8221;][\/vc_column][vc_column width=&#8221;2\/3&#8243;][vc_column_text css=&#8221;.vc_custom_1720672340364{padding-right: 18% !important;padding-left: 18% !important;}&#8221;]<\/p>\n<ul>\n<li>\n<h4>Reducci\u00f3n de costos: Costos compartidos entre varios env\u00edos.<\/h4>\n<\/li>\n<li>\n<h4>Eficiencia en tiempos de entrega: Optimizaci\u00f3n de tiempos y recursos.<\/h4>\n<\/li>\n<li>\n<h4>Flexibilidad: Soluciones adaptadas a las necesidades de cada cliente.<\/h4>\n<\/li>\n<li>\n<h4>Transparencia: Informaci\u00f3n clara y actualizada sobre el estado de su carga.<\/h4>\n<\/li>\n<\/ul>\n<p>[\/vc_column_text][\/vc_column][\/vc_row]<\/p>\n<\/div>","protected":false},"excerpt":{"rendered":"<p>[vc_row row_fullwidth=&#8221;1&#8243; row_zero_column_space=&#8221;1&#8243; bg_parallax=&#8221;off&#8221; font_color=&#8221;#ffffff&#8221; css=&#8221;.vc_custom_1414883266102{margin-top: 0px !important;margin-right: 0px !important;margin-bottom: 0px !important;margin-left: 0px !important;padding-top: 0px !important;padding-right: 0px !important;padding-bottom: 0px !important;padding-left: 0px !important;background-color: #020202 !important;}&#8221;][vc_column][\/vc_column][\/vc_row][vc_row css=&#8221;.vc_custom_1720323025338{border-top-width: 80px !important;border-left-width: 30% !important;}&#8221;][vc_column][vc_custom_heading text=&#8221;ENVIO [&hellip;]<\/p>\n","protected":false},"author":2,"featured_media":0,"parent":47,"menu_order":0,"comment_status":"open","ping_status":"open","template":"","meta":{"om_disable_all_campaigns":false,"_exactmetrics_skip_tracking":false,"_exactmetrics_sitenote_active":false,"_exactmetrics_sitenote_note":"","_exactmetrics_sitenote_category":0,"_uf_show_specific_survey":0,"_uf_disable_surveys":false,"footnotes":""},"aioseo_notices":[],"jetpack_sharing_enabled":true,"_links":{"self":[{"href":"https:\/\/genesiscargous.com\/index.php?rest_route=\/wp\/v2\/pages\/2332"}],"collection":[{"href":"https:\/\/genesiscargous.com\/index.php?rest_route=\/wp\/v2\/pages"}],"about":[{"href":"https:\/\/genesiscargous.com\/index.php?rest_route=\/wp\/v2\/types\/page"}],"author":[{"embeddable":true,"href":"https:\/\/genesiscargous.com\/index.php?rest_route=\/wp\/v2\/users\/2"}],"replies":[{"embeddable":true,"href":"https:\/\/genesiscargous.com\/index.php?rest_route=%2Fwp%2Fv2%2Fcomments&post=2332"}],"version-history":[{"count":3,"href":"https:\/\/genesiscargous.com\/index.php?rest_route=\/wp\/v2\/pages\/2332\/revisions"}],"predecessor-version":[{"id":2337,"href":"https:\/\/genesiscargous.com\/index.php?rest_route=\/wp\/v2\/pages\/2332\/revisions\/2337"}],"up":[{"embeddable":true,"href":"https:\/\/genesiscargous.com\/index.php?rest_route=\/wp\/v2\/pages\/47"}],"wp:attachment":[{"href":"https:\/\/genesiscargous.com\/index.php?rest_route=%2Fwp%2Fv2%2Fmedia&parent=2332"}],"curies":[{"name":"wp","href":"https:\/\/api.w.org\/{rel}","templated":true}]}}