{"id":2339,"date":"2024-07-11T11:07:59","date_gmt":"2024-07-11T16:07:59","guid":{"rendered":"https:\/\/genesiscargous.com\/?page_id=2339"},"modified":"2024-07-11T22:45:12","modified_gmt":"2024-07-12T03:45:12","slug":"almacenamiento","status":"publish","type":"page","link":"https:\/\/genesiscargous.com\/?page_id=2339","title":{"rendered":"Almacenamiento"},"content":{"rendered":"<div class=\"wpb-content-wrapper\"><p>[vc_row row_fullwidth=&#8221;1&#8243; row_zero_column_space=&#8221;1&#8243; bg_parallax=&#8221;off&#8221; font_color=&#8221;#ffffff&#8221; css=&#8221;.vc_custom_1414883266102{margin-top: 0px !important;margin-right: 0px !important;margin-bottom: 0px !important;margin-left: 0px !important;padding-top: 0px !important;padding-right: 0px !important;padding-bottom: 0px !important;padding-left: 0px !important;background-color: #020202 !important;}&#8221;][vc_column]<div class=\"ozy-owlcarousel single  \" data-autoplay=\"8000\" data-items=\"1\" data-singleitem=\"true\" data-slidespeed=\"400\" data-paginationSpeed=\"800\" data-autoheight=\"false\">\n<div class=\"item owl-item-3546\" style=\"width:1024px;height:768px\"><img decoding=\"async\" src=\"https:\/\/i0.wp.com\/genesiscargous.com\/wp-content\/uploads\/2024\/07\/logistica-espacio-almacen-logistica-flexible.jpg?fit=1024%2C768&#038;ssl=1\" alt=\"full\"\/><div class=\"caption\"><h1>GESTION DE ALMACENAMIENTO<\/h1><\/div><\/div><div class=\"item owl-item-4993\" style=\"width:1024px;height:576px\"><img decoding=\"async\" src=\"https:\/\/i0.wp.com\/genesiscargous.com\/wp-content\/uploads\/2024\/07\/diferencia-cadena-de-suministro-bueno-o-malo-logistica-flexible-1024x576-1.jpg?fit=1024%2C576&#038;ssl=1\" alt=\"full\"\/><div class=\"caption\"><h1>GESTION DE ALMACENAMIENTO<\/h1><\/div><\/div><div class=\"item owl-item-7784\" style=\"width:1024px;height:683px\"><img decoding=\"async\" src=\"https:\/\/i0.wp.com\/genesiscargous.com\/wp-content\/uploads\/2024\/07\/WMS-1024x683-1.jpg?fit=1024%2C683&#038;ssl=1\" alt=\"full\"\/><div class=\"caption\"><h1>GESTION DE ALMACENAMIENTO<\/h1><\/div><\/div>\n<\/div>[\/vc_column][\/vc_row][vc_row css=&#8221;.vc_custom_1720323025338{border-top-width: 80px !important;border-left-width: 30% !important;}&#8221;][vc_column][vc_custom_heading text=&#8221;GESTION DE ALMACENAMIENTO&#8221; font_container=&#8221;tag:h2|font_size:32|text_align:center|color:%230563b1&#8243; css=&#8221;&#8221;][vc_row_inner][vc_column_inner][vc_column_text css=&#8221;&#8221;]<\/p>\n<h5>Ofrecemos soluciones de almacenamiento personalizadas, incluyendo almacenamiento de pallets a largo plazo y almacenamiento en bah\u00eda para pedidos diarios. Nuestro servicio incluye:<\/h5>\n<p>[\/vc_column_text][\/vc_column_inner][\/vc_row_inner][\/vc_column][\/vc_row][vc_row bg_parallax=&#8221;off&#8221; css=&#8221;.vc_custom_1414861089030{margin-top: 0px !important;margin-bottom: 0px !important;padding-top: 70px !important;padding-bottom: 70px !important;}&#8221;][vc_column width=&#8221;1\/2&#8243;]<div id=\"tile-with-icon_icon609\" class=\"title-with-icon-wrapper clear xxlarge \" data-color=\"\"><div class=\"wpb_content_element title-with-icon clearfix margin-bottom-0 top-style\"><span  style=\"color:#34ccff !important;background-color: !important;\" class=\"oic-lock-2 clear xxlarge \" ><\/span><h4 style=\"color:#828282\">Almacenamiento seguro<\/h4><\/div><div class=\"wpb_content_element top-cs title-with-icon-content xxlarge clearfix\" style=\"color:#828282\">Instalaciones equipadas con sistemas de seguridad avanzados.<\/div><\/div>[vc_separator]<div id=\"tile-with-icon_icon8509\" class=\"title-with-icon-wrapper clear xxlarge \" data-color=\"\"><div class=\"wpb_content_element title-with-icon clearfix margin-bottom-0 top-style\"><span  style=\"color:#34ccff !important;background-color: !important;\" class=\"oic-simple-line-icons-139 clear xxlarge \" ><\/span><h4 style=\"color:#828282\">Acceso r\u00e1pido y eficiente<\/h4><\/div><div class=\"wpb_content_element top-cs title-with-icon-content xxlarge clearfix\" style=\"color:#828282\">Procesos optimizados para la r\u00e1pida recuperaci\u00f3n de su mercanc\u00eda.<\/div><\/div>[\/vc_column][vc_column width=&#8221;1\/2&#8243;]<div id=\"tile-with-icon_icon6013\" class=\"title-with-icon-wrapper clear xxlarge \" data-color=\"\"><div class=\"wpb_content_element title-with-icon clearfix margin-bottom-0 top-style\"><span  style=\"color:#34ccff !important;background-color: !important;\" class=\"oic-outlined-iconset-111 clear xxlarge \" ><\/span><h4 style=\"color:#828282\">Gesti\u00f3n de Inventarios<\/h4><\/div><div class=\"wpb_content_element top-cs title-with-icon-content xxlarge clearfix\" style=\"color:#828282\">Sistemas automatizados para un control preciso de su inventario.<\/div><\/div>[vc_separator]<div id=\"tile-with-icon_icon2316\" class=\"title-with-icon-wrapper clear xxlarge \" data-color=\"\"><div class=\"wpb_content_element title-with-icon clearfix margin-bottom-0 top-style\"><span  style=\"color:#34ccff !important;background-color: !important;\" class=\"oic-social-dropbox clear xxlarge \" ><\/span><h4 style=\"color:#828282\">Servicios de valor a\u00f1adido<\/h4><\/div><div class=\"wpb_content_element top-cs title-with-icon-content xxlarge clearfix\" style=\"color:#828282\">Pick and pack, etiquetado y embalaje<\/div><\/div>[\/vc_column][\/vc_row][vc_row][vc_column][vc_custom_heading text=&#8221;BENEFICIOS&#8221; font_container=&#8221;tag:h2|font_size:32|text_align:center|color:%230563b1&#8243; css=&#8221;&#8221;][\/vc_column][\/vc_row][vc_row bg_parallax=&#8221;off&#8221; css=&#8221;.vc_custom_1461016624712{margin-top: 0px !important;margin-bottom: 0px !important;padding-top: 40px !important;padding-bottom: 40px !important;}&#8221;][vc_column width=&#8221;1\/3&#8243; css=&#8221;.vc_custom_1720328392265{border-left-width: 30% !important;}&#8221;][vc_single_image image=&#8221;2315&#8243; img_size=&#8221;medium&#8221; alignment=&#8221;right&#8221; css=&#8221;&#8221; img_animated=&#8221;yes&#8221; img_animation=&#8221;fadeIn&#8221;][\/vc_column][vc_column width=&#8221;2\/3&#8243;][vc_column_text css=&#8221;.vc_custom_1720754612876{padding-right: 18% !important;padding-left: 18% !important;}&#8221;]<\/p>\n<ul>\n<li>\n<h4>Seguridad: Almacenamiento seguro y protegido.<\/h4>\n<\/li>\n<li>\n<h4>Eficiencia: Procesos optimizados para un acceso r\u00e1pido a su mercanc\u00eda.<\/h4>\n<\/li>\n<li>\n<h4>Flexibilidad: Soluciones adaptadas a las necesidades espec\u00edficas de su negocio.<\/h4>\n<\/li>\n<li>\n<h4>Control preciso: Gesti\u00f3n detallada y automatizada de su inventario.<\/h4>\n<\/li>\n<\/ul>\n<p>[\/vc_column_text][\/vc_column][\/vc_row]<\/p>\n<\/div>","protected":false},"excerpt":{"rendered":"<p>[vc_row row_fullwidth=&#8221;1&#8243; row_zero_column_space=&#8221;1&#8243; bg_parallax=&#8221;off&#8221; font_color=&#8221;#ffffff&#8221; css=&#8221;.vc_custom_1414883266102{margin-top: 0px !important;margin-right: 0px !important;margin-bottom: 0px !important;margin-left: 0px !important;padding-top: 0px !important;padding-right: 0px !important;padding-bottom: 0px !important;padding-left: 0px !important;background-color: #020202 !important;}&#8221;][vc_column][\/vc_column][\/vc_row][vc_row css=&#8221;.vc_custom_1720323025338{border-top-width: 80px !important;border-left-width: 30% !important;}&#8221;][vc_column][vc_custom_heading text=&#8221;GESTION [&hellip;]<\/p>\n","protected":false},"author":2,"featured_media":0,"parent":47,"menu_order":0,"comment_status":"open","ping_status":"open","template":"","meta":{"om_disable_all_campaigns":false,"_exactmetrics_skip_tracking":false,"_exactmetrics_sitenote_active":false,"_exactmetrics_sitenote_note":"","_exactmetrics_sitenote_category":0,"_uf_show_specific_survey":0,"_uf_disable_surveys":false,"footnotes":""},"aioseo_notices":[],"jetpack_sharing_enabled":true,"_links":{"self":[{"href":"https:\/\/genesiscargous.com\/index.php?rest_route=\/wp\/v2\/pages\/2339"}],"collection":[{"href":"https:\/\/genesiscargous.com\/index.php?rest_route=\/wp\/v2\/pages"}],"about":[{"href":"https:\/\/genesiscargous.com\/index.php?rest_route=\/wp\/v2\/types\/page"}],"author":[{"embeddable":true,"href":"https:\/\/genesiscargous.com\/index.php?rest_route=\/wp\/v2\/users\/2"}],"replies":[{"embeddable":true,"href":"https:\/\/genesiscargous.com\/index.php?rest_route=%2Fwp%2Fv2%2Fcomments&post=2339"}],"version-history":[{"count":2,"href":"https:\/\/genesiscargous.com\/index.php?rest_route=\/wp\/v2\/pages\/2339\/revisions"}],"predecessor-version":[{"id":2361,"href":"https:\/\/genesiscargous.com\/index.php?rest_route=\/wp\/v2\/pages\/2339\/revisions\/2361"}],"up":[{"embeddable":true,"href":"https:\/\/genesiscargous.com\/index.php?rest_route=\/wp\/v2\/pages\/47"}],"wp:attachment":[{"href":"https:\/\/genesiscargous.com\/index.php?rest_route=%2Fwp%2Fv2%2Fmedia&parent=2339"}],"curies":[{"name":"wp","href":"https:\/\/api.w.org\/{rel}","templated":true}]}}