{"id":2345,"date":"2024-07-11T12:04:25","date_gmt":"2024-07-11T17:04:25","guid":{"rendered":"https:\/\/genesiscargous.com\/?page_id=2345"},"modified":"2024-07-11T12:04:25","modified_gmt":"2024-07-11T17:04:25","slug":"fulfillment","status":"publish","type":"page","link":"https:\/\/genesiscargous.com\/?page_id=2345","title":{"rendered":"Fulfillment"},"content":{"rendered":"<div class=\"wpb-content-wrapper\"><p>[vc_row row_fullwidth=&#8221;1&#8243; row_zero_column_space=&#8221;1&#8243; bg_parallax=&#8221;off&#8221; font_color=&#8221;#ffffff&#8221; css=&#8221;.vc_custom_1414883266102{margin-top: 0px !important;margin-right: 0px !important;margin-bottom: 0px !important;margin-left: 0px !important;padding-top: 0px !important;padding-right: 0px !important;padding-bottom: 0px !important;padding-left: 0px !important;background-color: #020202 !important;}&#8221;][vc_column]<div class=\"ozy-owlcarousel single  \" data-autoplay=\"8000\" data-items=\"1\" data-singleitem=\"true\" data-slidespeed=\"400\" data-paginationSpeed=\"800\" data-autoheight=\"false\">\n<div class=\"item owl-item-9207\" style=\"width:1024px;height:512px\"><img decoding=\"async\" src=\"https:\/\/i0.wp.com\/genesiscargous.com\/wp-content\/uploads\/2024\/07\/rapiboy-blog-proceso-fulfillment-1024x512-1.jpg?fit=1024%2C512&#038;ssl=1\" alt=\"full\"\/><div class=\"caption\"><\/div><\/div><div class=\"item owl-item-6572\" style=\"width:1280px;height:720px\"><img decoding=\"async\" src=\"https:\/\/i0.wp.com\/genesiscargous.com\/wp-content\/uploads\/2024\/07\/download.webp?fit=1280%2C720&#038;ssl=1\" alt=\"full\"\/><div class=\"caption\"><h1>GESTION DE FULFILLMENT<\/h1><\/div><\/div><div class=\"item owl-item-4972\" style=\"width:1200px;height:675px\"><img decoding=\"async\" src=\"https:\/\/i0.wp.com\/genesiscargous.com\/wp-content\/uploads\/2024\/07\/what-does-in-fulfillment-mean-delivery-definition-and-process-1200x675-1.webp?fit=1200%2C675&#038;ssl=1\" alt=\"full\"\/><div class=\"caption\"><h1>GESTION DE FULFILLMENT<\/h1><\/div><\/div>\n<\/div>[\/vc_column][\/vc_row][vc_row css=&#8221;.vc_custom_1720323025338{border-top-width: 80px !important;border-left-width: 30% !important;}&#8221;][vc_column][vc_custom_heading text=&#8221;GESTION DE FULFILLMENT&#8221; font_container=&#8221;tag:h2|font_size:32|text_align:center|color:%230563b1&#8243; css=&#8221;&#8221;][vc_row_inner][vc_column_inner][vc_column_text css=&#8221;&#8221;]<\/p>\n<h5>Externalice sus servicios de fulfillment con nosotros para manejar desde el almacenamiento hasta la distribuci\u00f3n, asegurando un proceso \u00e1gil y eficiente. Nuestro servicio incluye:<\/h5>\n<p>[\/vc_column_text][\/vc_column_inner][\/vc_row_inner][\/vc_column][\/vc_row][vc_row bg_parallax=&#8221;off&#8221; css=&#8221;.vc_custom_1414861089030{margin-top: 0px !important;margin-bottom: 0px !important;padding-top: 70px !important;padding-bottom: 70px !important;}&#8221;][vc_column width=&#8221;1\/2&#8243;]<div id=\"tile-with-icon_icon2358\" class=\"title-with-icon-wrapper clear xxlarge \" data-color=\"\"><div class=\"wpb_content_element title-with-icon clearfix margin-bottom-0 top-style\"><span  style=\"color:#34ccff !important;background-color: !important;\" class=\"oic-flaticon4-package15 clear xxlarge \" ><\/span><h4 style=\"color:#828282\">Recepci\u00f3n y almacenamiento<\/h4><\/div><div class=\"wpb_content_element top-cs title-with-icon-content xxlarge clearfix\" style=\"color:#828282\">Gesti\u00f3n eficiente de la recepci\u00f3n y almacenamiento de su mercanc\u00eda.<\/div><\/div>[vc_separator]<div id=\"tile-with-icon_icon626\" class=\"title-with-icon-wrapper clear xxlarge \" data-color=\"\"><div class=\"wpb_content_element title-with-icon clearfix margin-bottom-0 top-style\"><span  style=\"color:#34ccff !important;background-color: !important;\" class=\"oic-flaticon5-return clear xxlarge \" ><\/span><h4 style=\"color:#828282\">Gesti\u00f3n de devoluciones<\/h4><\/div><div class=\"wpb_content_element top-cs title-with-icon-content xxlarge clearfix\" style=\"color:#828282\">Procesos optimizados para la gesti\u00f3n de devoluciones.<\/div><\/div>[\/vc_column][vc_column width=&#8221;1\/2&#8243;]<div id=\"tile-with-icon_icon6516\" class=\"title-with-icon-wrapper clear xxlarge \" data-color=\"\"><div class=\"wpb_content_element title-with-icon clearfix margin-bottom-0 top-style\"><span  style=\"color:#34ccff !important;background-color: !important;\" class=\"oic-flaticon1-black331 clear xxlarge \" ><\/span><h4 style=\"color:#828282\">Procesamiento de pedidos<\/h4><\/div><div class=\"wpb_content_element top-cs title-with-icon-content xxlarge clearfix\" style=\"color:#828282\">Preparaci\u00f3n y env\u00edo r\u00e1pido de sus pedidos.<\/div><\/div>[vc_separator]<div id=\"tile-with-icon_icon2517\" class=\"title-with-icon-wrapper clear xxlarge \" data-color=\"\"><div class=\"wpb_content_element title-with-icon clearfix margin-bottom-0 top-style\"><span  style=\"color:#34ccff !important;background-color: !important;\" class=\"oic-flaticon4-call41 clear xxlarge \" ><\/span><h4 style=\"color:#828282\">Atenci\u00f3n al cliente<\/h4><\/div><div class=\"wpb_content_element top-cs title-with-icon-content xxlarge clearfix\" style=\"color:#828282\">Asistencia personalizada para resolver cualquier inconveniente.<\/div><\/div>[\/vc_column][\/vc_row][vc_row][vc_column][vc_custom_heading text=&#8221;BENEFICIOS&#8221; font_container=&#8221;tag:h2|font_size:32|text_align:center|color:%230563b1&#8243; css=&#8221;&#8221;][\/vc_column][\/vc_row][vc_row bg_parallax=&#8221;off&#8221; css=&#8221;.vc_custom_1461016624712{margin-top: 0px !important;margin-bottom: 0px !important;padding-top: 40px !important;padding-bottom: 40px !important;}&#8221;][vc_column width=&#8221;1\/3&#8243; css=&#8221;.vc_custom_1720328392265{border-left-width: 30% !important;}&#8221;][vc_single_image image=&#8221;2315&#8243; img_size=&#8221;medium&#8221; alignment=&#8221;right&#8221; css=&#8221;&#8221; img_animated=&#8221;yes&#8221; img_animation=&#8221;fadeIn&#8221;][\/vc_column][vc_column width=&#8221;2\/3&#8243;][vc_column_text css=&#8221;.vc_custom_1720717449607{padding-right: 18% !important;padding-left: 18% !important;}&#8221;]<\/p>\n<ul>\n<li>\n<h4>Eficiencia: Procesos \u00e1giles y eficientes para el manejo de sus pedidos.<\/h4>\n<\/li>\n<li>\n<h4>Escalabilidad: Soluciones adaptadas al crecimiento de su negocio.<\/h4>\n<\/li>\n<li>\n<h4>Atenci\u00f3n al cliente: Soporte dedicado para garantizar la satisfacci\u00f3n de sus clientes.<\/h4>\n<\/li>\n<li>\n<h4>Reducci\u00f3n de costos: Optimizaci\u00f3n de recursos y reducci\u00f3n de costos operativos.<\/h4>\n<\/li>\n<\/ul>\n<p>[\/vc_column_text][\/vc_column][\/vc_row]<\/p>\n<\/div>","protected":false},"excerpt":{"rendered":"<p>[vc_row row_fullwidth=&#8221;1&#8243; row_zero_column_space=&#8221;1&#8243; bg_parallax=&#8221;off&#8221; font_color=&#8221;#ffffff&#8221; css=&#8221;.vc_custom_1414883266102{margin-top: 0px !important;margin-right: 0px !important;margin-bottom: 0px !important;margin-left: 0px !important;padding-top: 0px !important;padding-right: 0px !important;padding-bottom: 0px !important;padding-left: 0px !important;background-color: #020202 !important;}&#8221;][vc_column][\/vc_column][\/vc_row][vc_row css=&#8221;.vc_custom_1720323025338{border-top-width: 80px !important;border-left-width: 30% !important;}&#8221;][vc_column][vc_custom_heading text=&#8221;GESTION [&hellip;]<\/p>\n","protected":false},"author":2,"featured_media":0,"parent":47,"menu_order":0,"comment_status":"open","ping_status":"open","template":"","meta":{"om_disable_all_campaigns":false,"_exactmetrics_skip_tracking":false,"_exactmetrics_sitenote_active":false,"_exactmetrics_sitenote_note":"","_exactmetrics_sitenote_category":0,"_uf_show_specific_survey":0,"_uf_disable_surveys":false,"footnotes":""},"aioseo_notices":[],"jetpack_sharing_enabled":true,"_links":{"self":[{"href":"https:\/\/genesiscargous.com\/index.php?rest_route=\/wp\/v2\/pages\/2345"}],"collection":[{"href":"https:\/\/genesiscargous.com\/index.php?rest_route=\/wp\/v2\/pages"}],"about":[{"href":"https:\/\/genesiscargous.com\/index.php?rest_route=\/wp\/v2\/types\/page"}],"author":[{"embeddable":true,"href":"https:\/\/genesiscargous.com\/index.php?rest_route=\/wp\/v2\/users\/2"}],"replies":[{"embeddable":true,"href":"https:\/\/genesiscargous.com\/index.php?rest_route=%2Fwp%2Fv2%2Fcomments&post=2345"}],"version-history":[{"count":2,"href":"https:\/\/genesiscargous.com\/index.php?rest_route=\/wp\/v2\/pages\/2345\/revisions"}],"predecessor-version":[{"id":2351,"href":"https:\/\/genesiscargous.com\/index.php?rest_route=\/wp\/v2\/pages\/2345\/revisions\/2351"}],"up":[{"embeddable":true,"href":"https:\/\/genesiscargous.com\/index.php?rest_route=\/wp\/v2\/pages\/47"}],"wp:attachment":[{"href":"https:\/\/genesiscargous.com\/index.php?rest_route=%2Fwp%2Fv2%2Fmedia&parent=2345"}],"curies":[{"name":"wp","href":"https:\/\/api.w.org\/{rel}","templated":true}]}}